{"id":119,"date":"2025-06-06T13:25:01","date_gmt":"2025-06-06T17:25:01","guid":{"rendered":"https:\/\/www.geosigma.com\/?page_id=119"},"modified":"2025-06-09T11:36:45","modified_gmt":"2025-06-09T15:36:45","slug":"our-services","status":"publish","type":"page","link":"https:\/\/geosigma.com\/en\/our-services\/","title":{"rendered":"Our services"},"content":{"rendered":"\n<h2 class=\"wp-block-heading\">G\u00e9ophysique appliqu\u00e9e aux domaines de l\u2019environnement et de l\u2019ing\u00e9nierie<\/h2>\n\n\n\n<p>La g\u00e9ophysique regroupe de nombreux proc\u00e9d\u00e9s d\u2019investigation, non-invasifs<strong><sup>(1)<\/sup><\/strong>, permettant reconna\u00eetre la distribution des param\u00e8tres physiques du sous-sol, ou de mettre en exergue les discontinuit\u00e9s dans leur distribution. Elle permet d\u2019affiner les mod\u00e8les g\u00e9ologiques, lithologiques, g\u00eetologiques, hydrog\u00e9ologiques et structuraux, en surface comme \u00e0 grande profondeur.<\/p>\n\n\n\n<p><strong><sup>(1)<\/sup><\/strong>&nbsp;: A l\u2019exception des m\u00e9thodes en forage tels les diagraphies diff\u00e9r\u00e9es, downhole\/uphole, crosshole et tomographie.<\/p>\n\n\n\n<p>La g\u00e9ophysique de proche-surface offre une fen\u00eatre unique sur les conditions souterraines, et les avantages concrets qu\u2019elle apporte aux techniciens, ing\u00e9nieurs et d\u00e9cideurs sont nombreux&nbsp;:<\/p>\n\n\n\n<ul class=\"wp-block-list\">\n<li>Non-invasive, elle permet de contr\u00f4ler les infrastructures sans les endommager et donc sans affecter leur exploitation sur le moyen et long terme,<\/li>\n\n\n\n<li>Economique, elle permet d\u2019ausculter de grandes superficies \u00e0 faible co\u00fbt,<\/li>\n\n\n\n<li>Multidisciplinaire, elle permet d\u2019aborder des probl\u00e8mes complexes,<\/li>\n\n\n\n<li>Eprouv\u00e9e, elle a fait ses preuves depuis plus de cinquante ans.<\/li>\n<\/ul>\n\n\n\n<p>Membres de l\u2019ordre des ing\u00e9nieurs et de la communaut\u00e9 EEGS (<em>\u00ab&nbsp;Environmental and Engineering Geophysical Society&nbsp;\u00bb<\/em>), nos ing\u00e9nieurs et techniciens sont d\u00e9di\u00e9s \u00e0 la promotion d\u2019une bonne pratique de notre m\u00e9tier, tout d\u2019abord en assurant leur s\u00e9curit\u00e9 et celle de leurs collaborateurs de m\u00eame que celles de nos concitoyens sur nos chantiers. Notre \u00e9quipe a \u00e9galement \u00e0 c\u0153ur de servir nos clients avec loyaut\u00e9, dans le respect des normes et des lois, tout en privil\u00e9giant la qualit\u00e9 du service.<\/p>\n\n\n\n<h2 class=\"wp-block-heading\">Champs d\u2019application<\/h2>\n\n\n\n<p>La g\u00e9ophysique de proche-surface, notre c\u0153ur de m\u00e9tier, s\u2019int\u00e9resse aux applications \u00e0 faibles profondeurs et, de mani\u00e8re g\u00e9n\u00e9rale, \u00e0 des enjeux plus proches des gens et de leur quotidien&nbsp;:<\/p>\n\n\n\n<ul class=\"wp-block-list\">\n<li>Infrastructure (autoroutes, ponts, tunnels, a\u00e9roports, ports)&nbsp;;<\/li>\n\n\n\n<li>Eaux souterraines (prospection, caract\u00e9risation de champs captant, vuln\u00e9rabilit\u00e9, protection, contamination)&nbsp;;<\/li>\n\n\n\n<li>R\u00e9seaux enterr\u00e9s (d\u00e9tection, cartographie)&nbsp;;<\/li>\n\n\n\n<li>Prospection g\u00e9ologique&nbsp;(profondeur et rippabilit\u00e9 du roc, nature et distribution des mat\u00e9riaux)&nbsp;;<\/li>\n\n\n\n<li>Prospection arch\u00e9ologique&nbsp;;<\/li>\n\n\n\n<li>G\u00e9nie civil (caract\u00e9risation b\u00e9ton, int\u00e9grit\u00e9 pieux\/caisson, auscultation des chauss\u00e9es routi\u00e8res, ferroviaires ou a\u00e9roportuaires)&nbsp;;<\/li>\n\n\n\n<li>G\u00e9nie \u00e9lectrique (MALT)&nbsp;;<\/li>\n\n\n\n<li>Parasismique (classification sismique, Vs30, fr\u00e9quence naturelle)&nbsp;;<\/li>\n\n\n\n<li>Reconnaissance de friches industrielles et de d\u00e9charges (d\u00e9pollution, recherche de d\u00e9bris m\u00e9talliques et autres structures enterr\u00e9s)&nbsp;;<\/li>\n\n\n\n<li>Recherche de cavit\u00e9s&nbsp;;<\/li>\n\n\n\n<li>D\u00e9tection et caract\u00e9risation de munitions non explos\u00e9es&nbsp;enterr\u00e9es ;<\/li>\n\n\n\n<li>S\u00e9curit\u00e9 des barrages.<\/li>\n<\/ul>\n\n\n\n<h2 class=\"wp-block-heading\">Fiches techniques \u2013 Mat\u00e9riel et m\u00e9thodes<\/h2>\n\n\n\n<p><strong><u>DIAGRAPHIE ACOUSTIQUE<\/u><\/strong><\/p>\n\n\n\n<p><strong><u>DOWNHOLE<\/u><\/strong><\/p>\n\n\n\n<p><strong><u>INDUCTION<\/u><\/strong><\/p>\n\n\n\n<p><strong><u>MAGNETISME<\/u><\/strong><\/p>\n\n\n\n<p><strong><u>MICROGRAVIMETRIE<\/u><\/strong><\/p>\n\n\n\n<p><strong><u>POLARISATION SPONTANEE<\/u><\/strong><\/p>\n\n\n\n<p><strong><u>REFLEXION<\/u><\/strong><\/p>\n\n\n\n<p><strong><u>REFRACTION<\/u><\/strong><\/p>\n\n\n\n<p><strong><u>ETUDES DE MISE-A-LA-TERRE D\u2019INSTALLATIONS ELECTRIQUES<\/u><\/strong><\/p>\n\n\n\n<ul class=\"wp-block-list\">\n<li>Les mesures de r\u00e9sistivit\u00e9 pour \u00e9tudes de mise-\u00e0-la-terre (MALT)<\/li>\n\n\n\n<li>Les mesures de r\u00e9sistance des grilles de mise-\u00e0-la-terre<\/li>\n\n\n\n<li>Les mesures de r\u00e9sistance de toute installation \u00e9lectrique<\/li>\n<\/ul>\n\n\n\n<p><strong><u>CONTROLE DE PIEUX<\/u><\/strong><\/p>\n\n\n\n<ul class=\"wp-block-list\">\n<li>Transparence sonique (CSL), ASTM D-6760-08 + NFP 94.160.1<\/li>\n\n\n\n<li>R\u00e9flexion (<em>\u00ab&nbsp;Pulse-echo method&nbsp;\u00bb<\/em>), ASTM D-5882 + NFP 94.160.2<\/li>\n\n\n\n<li>Imp\u00e9dance (<em>\u00ab&nbsp;Transient response method&nbsp;\u00bb<\/em>), ASTM D-5882 + NFP 94.160.4<\/li>\n\n\n\n<li>Sismique parall\u00e8le, NFP 94.160.3<\/li>\n<\/ul>\n\n\n\n<h2 class=\"wp-block-heading\">Contr\u00f4le et suivi des vibrations<\/h2>\n\n\n\n<p>Les vibrations, bruits et surpressions g\u00e9n\u00e9r\u00e9es par notre monde industriel peuvent entra\u00eener des effets ind\u00e9sirables&nbsp;: dommages, d\u00e9sagr\u00e9ments, poursuites, litiges, retard de d\u00e9marrage ou d\u2019avancement, augmentation des co\u00fbts\u2026<\/p>\n\n\n\n<p>Le contr\u00f4le de vibrations permet de limiter les effets ind\u00e9sirables&nbsp;:<\/p>\n\n\n\n<ul class=\"wp-block-list\">\n<li>d\u2019une part, en permettant l\u2019\u00e9coute et l\u2019ajustement en temps r\u00e9el de l\u2019activit\u00e9 afin de r\u00e9pondre aux normes et exigences environnementales, et<\/li>\n\n\n\n<li>d\u2019autre part, en documentant l\u2019activit\u00e9, sous la forme d\u2019un journal des \u00e9v\u00e8nements vibratoires sur une p\u00e9riode donn\u00e9e, afin de prot\u00e9ger le contracteur et le(s) r\u00e9sidents) en cas de litige.<\/li>\n<\/ul>\n\n\n\n<p>En toute circonstance, il est de bonne pratique d\u2019encadrer toute mission de suivi de vibration par l\u2019\u00e9tablissement d\u2019un \u00e9tat des lieux avant et apr\u00e8s travaux. Dans certains cas, cet \u00e9tat des lieux comprendra la pause de jauges pour la mesure et le suivi de d\u00e9formations.<\/p>\n\n\n\n<p>N\u2019h\u00e9sitez pas \u00e0 contacter nos ing\u00e9nieurs afin de vous accompagner dans vos \u00e9tudes de suivi et contr\u00f4le de vibrations.<\/p>\n\n\n\n<h2 class=\"wp-block-heading\">Champs d\u2019application<\/h2>\n\n\n\n<p>G\u00e9ophysique Sigma inc n\u2019a plus \u00e0 faire ses preuves en mati\u00e8re de suivi et contr\u00f4le de vibrations, bruits et surpressions. Que ce soit sur terre ou sous l\u2019eau, nos \u00e9quipes sauront vous accompagner dans toutes vos probl\u00e9matiques&nbsp;:<\/p>\n\n\n\n<ul class=\"wp-block-list\">\n<li>Elaboration de devis techniques&nbsp;;<\/li>\n\n\n\n<li>Pr\u00e9vision des vibrations&nbsp;;<\/li>\n\n\n\n<li>Suivi de bruits et de trafics en milieu urbain&nbsp;;<\/li>\n\n\n\n<li>Pr\u00e9vention de dommages caus\u00e9s par le fon\u00e7age de palplanches, de caissons ou de pieux&nbsp;;<\/li>\n\n\n\n<li>Protection d\u2019\u00e9quipements fragiles&nbsp;;<\/li>\n\n\n\n<li>Protection d\u2019\u00e9quipements historiques&nbsp;;<\/li>\n\n\n\n<li>Surpressions acoustiques et hydrauliques.<\/li>\n<\/ul>\n\n\n\n<p>G\u00e9ophysique Sigma inc est \u00e9galement distributeur d\u2019instrumentation de mesure de vibrations de haute pr\u00e9cision de la marque Instantel.<\/p>\n\n\n\n<p><\/p>\n","protected":false},"excerpt":{"rendered":"<p>G\u00e9ophysique appliqu\u00e9e aux domaines de l\u2019environnement et de l\u2019ing\u00e9nierie La g\u00e9ophysique regroupe de nombreux proc\u00e9d\u00e9s d\u2019investigation, non-invasifs(1), permettant reconna\u00eetre la&hellip;<\/p>\n","protected":false},"author":1,"featured_media":0,"parent":0,"menu_order":0,"comment_status":"closed","ping_status":"closed","template":"","meta":{"_acf_changed":false,"footnotes":""},"class_list":["post-119","page","type-page","status-publish","hentry"],"acf":[],"_links":{"self":[{"href":"https:\/\/geosigma.com\/en\/wp-json\/wp\/v2\/pages\/119","targetHints":{"allow":["GET"]}}],"collection":[{"href":"https:\/\/geosigma.com\/en\/wp-json\/wp\/v2\/pages"}],"about":[{"href":"https:\/\/geosigma.com\/en\/wp-json\/wp\/v2\/types\/page"}],"author":[{"embeddable":true,"href":"https:\/\/geosigma.com\/en\/wp-json\/wp\/v2\/users\/1"}],"replies":[{"embeddable":true,"href":"https:\/\/geosigma.com\/en\/wp-json\/wp\/v2\/comments?post=119"}],"version-history":[{"count":1,"href":"https:\/\/geosigma.com\/en\/wp-json\/wp\/v2\/pages\/119\/revisions"}],"predecessor-version":[{"id":120,"href":"https:\/\/geosigma.com\/en\/wp-json\/wp\/v2\/pages\/119\/revisions\/120"}],"wp:attachment":[{"href":"https:\/\/geosigma.com\/en\/wp-json\/wp\/v2\/media?parent=119"}],"curies":[{"name":"wp","href":"https:\/\/api.w.org\/{rel}","templated":true}]}}