{"id":110,"date":"2025-06-06T13:24:39","date_gmt":"2025-06-06T17:24:39","guid":{"rendered":"https:\/\/www.geosigma.com\/?page_id=110"},"modified":"2025-06-09T11:30:55","modified_gmt":"2025-06-09T15:30:55","slug":"instantel","status":"publish","type":"page","link":"https:\/\/geosigma.com\/en\/instantel\/","title":{"rendered":"Instantel"},"content":{"rendered":"\n<p class=\"is-style-default\"><strong>domaine de la conception d\u2019instruments de mesure et suivi de vibrations, bruits et surpressions. Nous disposons \u00e9galement d\u2019un important parc de location.<\/strong><\/p>\n\n\n\n<p>Compagnie innovante, Instantel \u00e0 \u00e9t\u00e9 le premier fabricant de l\u2019industrie \u00e0 pr\u00e9senter&nbsp;:<\/p>\n\n\n\n<ul class=\"wp-block-list\">\n<li>Une station d\u2019acquisition capable d\u2019enregistrer les signaux d\u00e9clench\u00e9s (trains d\u2019ondes) tout en continuant l&#8217;enregistrement en mode histogramme (<em>Instantel Histogram Combo\u2122<\/em>)&nbsp;;<\/li>\n\n\n\n<li>Un enregistreur disposant d&#8217;une interface \u00e0 \u00e9cran tactile.<\/li>\n\n\n\n<li>Un sismographe de sautage compact.<\/li>\n\n\n\n<li>Un syst\u00e8me d\u2019acquisition capable de transmettre les donn\u00e9es \u00e0 distance de mani\u00e8re automatis\u00e9.<\/li>\n\n\n\n<li>Un syst\u00e8me \u00e9quip\u00e9 d\u2019une imprimante int\u00e9gr\u00e9e permettant de consulter les rapports d\u2019\u00e9v\u00e8nements directement sur le terrain.<\/li>\n\n\n\n<li>Un capteur pr\u00e9sentant une courbe de r\u00e9ponse en fr\u00e9quence r\u00e9pondant aux standards de l\u2019ISEE.<\/li>\n<\/ul>\n\n\n\n<h2 class=\"wp-block-heading\">Fiche techniques &#8211; Mat\u00e9riel<\/h2>\n\n\n\n<p><strong><u>MINIMATE<\/u><\/strong><\/p>\n\n\n\n<p><strong><u>MICROMATE<\/u><\/strong><\/p>\n\n\n\n<p><strong><u>CAPTEURS<\/u><\/strong><\/p>\n\n\n\n<p><strong><u>THOR<\/u><\/strong><\/p>\n","protected":false},"excerpt":{"rendered":"<p>domaine de la conception d\u2019instruments de mesure et suivi de vibrations, bruits et surpressions. Nous disposons \u00e9galement d\u2019un important parc&hellip;<\/p>\n","protected":false},"author":1,"featured_media":0,"parent":0,"menu_order":0,"comment_status":"closed","ping_status":"closed","template":"","meta":{"_acf_changed":false,"footnotes":""},"class_list":["post-110","page","type-page","status-publish","hentry"],"acf":[],"_links":{"self":[{"href":"https:\/\/geosigma.com\/en\/wp-json\/wp\/v2\/pages\/110","targetHints":{"allow":["GET"]}}],"collection":[{"href":"https:\/\/geosigma.com\/en\/wp-json\/wp\/v2\/pages"}],"about":[{"href":"https:\/\/geosigma.com\/en\/wp-json\/wp\/v2\/types\/page"}],"author":[{"embeddable":true,"href":"https:\/\/geosigma.com\/en\/wp-json\/wp\/v2\/users\/1"}],"replies":[{"embeddable":true,"href":"https:\/\/geosigma.com\/en\/wp-json\/wp\/v2\/comments?post=110"}],"version-history":[{"count":1,"href":"https:\/\/geosigma.com\/en\/wp-json\/wp\/v2\/pages\/110\/revisions"}],"predecessor-version":[{"id":112,"href":"https:\/\/geosigma.com\/en\/wp-json\/wp\/v2\/pages\/110\/revisions\/112"}],"wp:attachment":[{"href":"https:\/\/geosigma.com\/en\/wp-json\/wp\/v2\/media?parent=110"}],"curies":[{"name":"wp","href":"https:\/\/api.w.org\/{rel}","templated":true}]}}