{"id":102,"date":"2025-06-06T13:21:37","date_gmt":"2025-06-06T17:21:37","guid":{"rendered":"https:\/\/www.geosigma.com\/?page_id=102"},"modified":"2025-06-09T11:23:11","modified_gmt":"2025-06-09T15:23:11","slug":"about-us","status":"publish","type":"page","link":"https:\/\/geosigma.com\/en\/about-us\/","title":{"rendered":"About us"},"content":{"rendered":"\n<h2 class=\"wp-block-heading\">Notre m\u00e9tier<\/h2>\n\n\n\n<p>La soci\u00e9t\u00e9 G\u00e9ophysique Sigma inc a \u00e9t\u00e9 cr\u00e9\u00e9e en 1985 afin de r\u00e9pondre aux besoins d\u2019un march\u00e9 de plus en plus comp\u00e9titif et exigeant en mati\u00e8re de contr\u00f4le de co\u00fbts. Apr\u00e8s plus de trois d\u00e9cennies d\u2019activit\u00e9 sur quatre continents, G\u00e9ophysique Sigma inc a su se b\u00e2tir une solide r\u00e9putation dans le domaine de la g\u00e9ophysique de proche surface appliqu\u00e9e aux domaines de la g\u00e9otechnique, du g\u00e9nie civil et de l\u2019environnement, que ce soit en milieu terrestre ou maritime.<\/p>\n\n\n\n<p>Eprouv\u00e9es depuis plus d\u2019un demi-si\u00e8cle, les m\u00e9thodes g\u00e9ophysiques de proche-surface constituent un moyen non-destructif et \u00e9conomique permettant de d\u00e9tecter les discontinuit\u00e9s du sous-sol, c\u2019est-\u00e0-dire de mettre en exergue les r\u00e9gions de la sous-surface pr\u00e9sentant des contrastes suffisamment importants de propri\u00e9t\u00e9s physico-chimiques.<\/p>\n\n\n\n<h2 class=\"wp-block-heading\">Notre approche<\/h2>\n\n\n\n<p>Multidisciplinaire et exp\u00e9riment\u00e9e, l\u2019\u00e9quipe de G\u00e9ophysique Sigma inc ne fait pas appel \u00e0 des responsables commerciaux pour analyser les demandes et r\u00e9diger les soumissions. Chaque dossier est analys\u00e9 par un ing\u00e9nieur g\u00e9ophysicien exp\u00e9riment\u00e9 qui vous accompagnera du d\u00e9but \u00e0 la fin de vos projets. Ce dernier s\u2019assurera de d\u00e9terminer la m\u00e9thode ou la combinaison de m\u00e9thodes<strong><sup>(1)<\/sup><\/strong> la plus appropri\u00e9e en fonction de l\u2019\u00e9valuation initiale&nbsp;: environnement g\u00e9ologique, occupation du sol, sources de bruit, cible recherch\u00e9e (contraste, profondeur, dimension) et \u00e9chelle du lev\u00e9. Il fixera \u00e9galement les param\u00e8tres d\u2019acquisition et de contr\u00f4le qualit\u00e9, tout comme il choisira le mat\u00e9riel \u00e0 mettre en \u0153uvre.<\/p>\n\n\n\n<p><strong><sup>(1)<\/sup><\/strong>&nbsp;: L\u2019emploi de plusieurs m\u00e9thodes est parfois n\u00e9cessaire dans l\u2019approche de probl\u00e8mes complexes afin de mieux circonscrire le mod\u00e8le.<\/p>\n\n\n\n<h2 class=\"wp-block-heading\">Pourquoi nous choisir<\/h2>\n\n\n\n<p>Avec la miniaturisation des composants \u00e9lectroniques, l\u2019arriv\u00e9e de nouvelles m\u00e9thodes et routines de traitement, de m\u00eame que l\u2019\u00e9volution \u00e0 un rythme effr\u00e9n\u00e9 de l\u2019outil informatique et logiciel, la pratique du m\u00e9tier a bien \u00e9volu\u00e9e depuis la cr\u00e9ation de la soci\u00e9t\u00e9, il y a 35 ans. Chez G\u00e9ophysique Sigma inc, nous avons toujours veill\u00e9 \u00e0 nous renouveler afin de vous offrir les moyens d\u2019imagerie les plus r\u00e9cents, les plus pr\u00e9cis&nbsp;:<\/p>\n\n\n\n<ul class=\"wp-block-list\">\n<li>Nous avons \u00e9t\u00e9 dans les premiers au Qu\u00e9bec \u00e0 s\u2019\u00e9quiper d\u2019un syst\u00e8me de transparence sonique (CSL) pour le contr\u00f4le de pieux et caissons,<\/li>\n\n\n\n<li>Nous avons \u00e9t\u00e9 des pionniers dans le domaine des lev\u00e9s down-hole et cross-hole avec, notamment, le d\u00e9veloppement de notre propre source sismique de puits,<\/li>\n\n\n\n<li>Nous sommes une des firmes les plus exp\u00e9riment\u00e9s en travers\u00e9e de rivi\u00e8res, avec plusieurs centaines de r\u00e9alisations \u00e0 notre actif.<\/li>\n<\/ul>\n\n\n\n<p>Notre m\u00e9tier a \u00e9galement chang\u00e9 dans la nature de ses interventions. A nos d\u00e9buts, nous intervenions sur des sinistres, des pathologies et d\u2019autres probl\u00e9matiques que les techniques de forage n\u2019arrivaient pas \u00e0 circonscrire, alors que de nos jours, la g\u00e9ophysique est budg\u00e9tis\u00e9e d\u00e8s le d\u00e9part afin d\u2019alimenter l\u2019\u00e9tude pr\u00e9alable, la conception de l\u2019infrastructure, le contr\u00f4le des travaux et la r\u00e9ception de l\u2019ouvrage. N\u2019h\u00e9sitez pas \u00e0 contacter nos ing\u00e9nieurs afin de vous accompagner dans vos projets.<\/p>\n\n\n\n<h2 class=\"wp-block-heading\">Notre \u00e9quipe<\/h2>\n\n\n\n<div class=\"wp-block-columns is-layout-flex wp-container-core-columns-is-layout-28f84493 wp-block-columns-is-layout-flex\">\n<div class=\"wp-block-column is-layout-flow wp-block-column-is-layout-flow\">\n<h3 class=\"wp-block-heading\"><strong>Jean-Christophe Nadeau, B.Sc.A., M.Sc.<\/strong><\/h3>\n\n\n\n<p><strong>Pr\u00e9sident<\/strong><\/p>\n\n\n\n<p>Jean-Christophe Nadeau d\u00e9tient un dipl\u00f4me en g\u00e9nie g\u00e9ologique de l\u2019Universit\u00e9 Laval (2002, Qu\u00e9bec, QC, CA) de m\u00eame qu\u2019une th\u00e8se de deuxi\u00e8me cycle en g\u00e9ophysique appliqu\u00e9e de l\u2019Universit\u00e9 du Nouveau Brunswick (2005, Fredericton, NB, CA). De 2005 \u00e0 2012, Jean-Christophe a d\u2019abord \u0153uvr\u00e9 en r\u00e9gion parisienne comme charg\u00e9 d\u2019\u00e9tude en g\u00e9ophysique. Apr\u00e8s une p\u00e9riode de travailleur autonome, s\u2019\u00e9chelonnant de 2012 \u00e0 2015 et l\u2019ayant emmen\u00e9 \u00e0 faire la navette entre l\u2019Europe, l\u2019Afrique et le Moyen-Orient, Jean-Christophe est ensuite revenu au m\u00e9tier de bureau d\u2019\u00e9tude en tant que directeur d\u2019agence afin de pouvoir mieux se consacrer \u00e0 ses nouvelles r\u00e9alit\u00e9s familiales. Embauch\u00e9 par G\u00e9ophysique Sigma inc en mai 2019, il a rachet\u00e9 la soci\u00e9t\u00e9 en mai 2020. Jean-Christophe est sp\u00e9cialis\u00e9 en g\u00e9otechnique, en environnement et en hydrog\u00e9ologie. Il a acquis des comp\u00e9tences particuli\u00e8res en microgravim\u00e9trie, tomographie \u00e9lectrique, radar \u00e0 p\u00e9n\u00e9tration de sols, sismique r\u00e9fraction, tomographie sismique entre forages, induction magn\u00e9tique, mod\u00e9lisation 3D de m\u00eame qu\u2019en recherche de cavit\u00e9s souterraines, un probl\u00e8me particuli\u00e8rement r\u00e9current dans les r\u00e9gions du nord de la France (Normandie, Hauts-de-France, Ile-de-France).<\/p>\n<\/div>\n\n\n\n<div class=\"wp-block-column is-layout-flow wp-block-column-is-layout-flow\">\n<h3 class=\"wp-block-heading\">Claude Provost, B.Ing.<\/h3>\n\n\n\n<p><strong>Ing\u00e9nieur G\u00e9ophysicien Senior<\/strong><\/p>\n\n\n\n<p>Claude Provost d\u00e9tient un dipl\u00f4me en g\u00e9nie g\u00e9ologique, sp\u00e9cialisation \u00ab&nbsp;G\u00e9ophysique&nbsp;\u00bb, de l\u2019Ecole Polytechnique de Montr\u00e9al (1980, Montr\u00e9al, QC, CA). Apr\u00e8s cinq ann\u00e9es en tant qu\u2019ing\u00e9nieur g\u00e9ophysicien, Claude a fond\u00e9 la soci\u00e9t\u00e9 G\u00e9ophysique Sigma inc dont il est demeur\u00e9 pr\u00e9sident entre 1985 et 2019. Claude est sp\u00e9cialis\u00e9 en g\u00e9otechnique, en environnement, en exploration mini\u00e8re et en hydrog\u00e9ologie. Il a acquis des comp\u00e9tences particuli\u00e8res en \u00e9lectronique num\u00e9rique, en instrumentation et en hydrog\u00e9ologie des contaminants. Il est sp\u00e9cialiste de la logistique de projets outre-mer et de l&#8217;interpr\u00e9tation de donn\u00e9es.<\/p>\n<\/div>\n<\/div>\n\n\n\n<div class=\"wp-block-columns is-layout-flex wp-container-core-columns-is-layout-28f84493 wp-block-columns-is-layout-flex\">\n<div class=\"wp-block-column is-layout-flow wp-block-column-is-layout-flow\">\n<h3 class=\"wp-block-heading\"><strong>Jean-Jacques Sincennes, B.Sc.A.<\/strong><\/h3>\n\n\n\n<p><strong>Consultant<\/strong><\/p>\n\n\n\n<p>Jean-Jacques d\u00e9tient un dipl\u00f4me en g\u00e9nie g\u00e9ologique, sp\u00e9cialisation \u00ab&nbsp;g\u00e9ophysique&nbsp;\u00bb, de l\u2019Ecole Polytechnique de Montr\u00e9al (1976, Montr\u00e9al, QC, CA). Apr\u00e8s une dizaine d\u2019ann\u00e9es en tant qu\u2019ing\u00e9nieur g\u00e9ophysicien, Jean-Jacques a rejoint les rangs de G\u00e9ophysique Sigma inc d\u00e8s sa cr\u00e9ation en tant qu\u2019actionnaire. Il est sp\u00e9cialiste des lev\u00e9s marins et sismiques, de la g\u00e9otechnique, de l&#8217;utilisation des explosifs et du contr\u00f4le des vibrations. Il a men\u00e9 \u00e0 terme plusieurs projets internationaux. Jean-Jacques travaille r\u00e9guli\u00e8rement pour G\u00e9ophysique Sigma inc en tant que consultant.<\/p>\n<\/div>\n\n\n\n<div class=\"wp-block-column is-layout-flow wp-block-column-is-layout-flow\">\n<h3 class=\"wp-block-heading\"><strong>Hei-Ura Sham-Koua, B.Sc.A.<\/strong><\/h3>\n\n\n\n<p><strong>Ing\u00e9nieur G\u00e9ophysicien Junior<\/strong><\/p>\n\n\n\n<p>Arriv\u00e9e de Tahiti en 2014, Hei-Ura s\u2019est install\u00e9e \u00e0 Montr\u00e9al o\u00f9 elle a compl\u00e9t\u00e9 un baccalaur\u00e9at en G\u00e9nie Physique \u00e0 l\u2019Ecole Polytechnique de Montr\u00e9al (2019, Montr\u00e9al, QC, CA). Hei-Ura s\u2019est jointe \u00e0 l\u2019\u00e9quipe de G\u00e9ophysique Sigma inc en 2020. Ses champs d\u2019int\u00e9r\u00eat sont la g\u00e9ophysique de proche-surface, la programmation et le traitement de signal. Outre une augmentation de l\u2019achalandage, son arriv\u00e9e r\u00e9pond \u00e9galement \u00e0 un besoin de modernisation et d\u2019harmonisation des routines informatiques d\u00e9velopp\u00e9es par G\u00e9ophysique Sigma inc depuis sa cr\u00e9ation.<\/p>\n<\/div>\n<\/div>\n\n\n\n<div class=\"wp-block-columns is-layout-flex wp-container-core-columns-is-layout-28f84493 wp-block-columns-is-layout-flex\">\n<div class=\"wp-block-column is-layout-flow wp-block-column-is-layout-flow\">\n<h3 class=\"wp-block-heading\"><strong>Claude Lachapelle<\/strong><\/h3>\n\n\n\n<p><strong>Technicien Senior, Boutefeu<\/strong><\/p>\n\n\n\n<p>Claude fait partie int\u00e9grante de la soci\u00e9t\u00e9 G\u00e9ophysique Sigma inc, qu\u2019il a rejointe d\u00e8s sa cr\u00e9ation en 1985. Apr\u00e8s avoir travaill\u00e9 pendant plus de trois d\u00e9cennies, Claude est rompu \u00e0 l\u2019entretien du mat\u00e9riel et la collecte de donn\u00e9es g\u00e9ophysiques de m\u00eame qu\u2019\u00e0 la logistique et la direction d\u2019\u00e9quipes de terrain.<\/p>\n<\/div>\n\n\n\n<div class=\"wp-block-column is-layout-flow wp-block-column-is-layout-flow\"><\/div>\n<\/div>\n","protected":false},"excerpt":{"rendered":"<p>Notre m\u00e9tier La soci\u00e9t\u00e9 G\u00e9ophysique Sigma inc a \u00e9t\u00e9 cr\u00e9\u00e9e en 1985 afin de r\u00e9pondre aux besoins d\u2019un march\u00e9 de&hellip;<\/p>\n","protected":false},"author":1,"featured_media":0,"parent":0,"menu_order":0,"comment_status":"closed","ping_status":"closed","template":"","meta":{"_acf_changed":false,"footnotes":""},"class_list":["post-102","page","type-page","status-publish","hentry"],"acf":[],"_links":{"self":[{"href":"https:\/\/geosigma.com\/en\/wp-json\/wp\/v2\/pages\/102","targetHints":{"allow":["GET"]}}],"collection":[{"href":"https:\/\/geosigma.com\/en\/wp-json\/wp\/v2\/pages"}],"about":[{"href":"https:\/\/geosigma.com\/en\/wp-json\/wp\/v2\/types\/page"}],"author":[{"embeddable":true,"href":"https:\/\/geosigma.com\/en\/wp-json\/wp\/v2\/users\/1"}],"replies":[{"embeddable":true,"href":"https:\/\/geosigma.com\/en\/wp-json\/wp\/v2\/comments?post=102"}],"version-history":[{"count":1,"href":"https:\/\/geosigma.com\/en\/wp-json\/wp\/v2\/pages\/102\/revisions"}],"predecessor-version":[{"id":103,"href":"https:\/\/geosigma.com\/en\/wp-json\/wp\/v2\/pages\/102\/revisions\/103"}],"wp:attachment":[{"href":"https:\/\/geosigma.com\/en\/wp-json\/wp\/v2\/media?parent=102"}],"curies":[{"name":"wp","href":"https:\/\/api.w.org\/{rel}","templated":true}]}}